{"id":2379,"date":"2023-06-28T17:42:27","date_gmt":"2023-06-28T16:42:27","guid":{"rendered":"https:\/\/deltacoffeehouse.com\/?page_id=2379"},"modified":"2023-06-28T17:42:29","modified_gmt":"2023-06-28T16:42:29","slug":"wifi","status":"publish","type":"page","link":"https:\/\/deltacoffeehouse.com\/en\/wifi\/","title":{"rendered":"WIFI"},"content":{"rendered":"\n<div style=\"height:77px\" aria-hidden=\"true\" class=\"wp-block-spacer\"><\/div>\n\n\n\n<h2 class=\"wp-block-heading has-text-align-center has-primary-color has-text-color\">Bem-vindo \u00e0 Delta The Coffee House Experience<\/h2>\n\n\n\n<div style=\"height:15px\" aria-hidden=\"true\" class=\"wp-block-spacer\"><\/div>\n\n\n\n<p class=\"has-text-align-center has-primary-color has-text-color wp-block-paragraph\">Para o melhor servirmos gostar\u00edamos de saber a sua opini\u00e3o sobre<\/p>\n\n\n\n<div style=\"height:31px\" aria-hidden=\"true\" class=\"wp-block-spacer\"><\/div>\n\n\n<div class=\"everest-forms\"><script type='text\/javascript'>\n\/* <![CDATA[ *\/\nvar evf_settings = {\"currency_code\":\"USD\",\"currency_thousands\":\",\",\"currency_decimal\":\".\",\"currency_symbol\":\"$\",\"currency_symbol_pos\":\"left\"}\n\/* ]]> *\/\n<\/script>\n<div class=\"evf-container layout-two\" id=\"evf-2378\"><form id=\"evf-form-2378\" class=\"everest-form\" data-formid=\"2378\" data-ajax_submission=\"0\" data-keyboard_friendly_form=\"0\" data-form_state_type=\"\" method=\"post\" enctype=\"multipart\/form-data\" action=\"\/en\/wp-json\/wp\/v2\/pages\/2379\"><div class=\"evf-field-container\"><input type=\"hidden\" id=\"_wpnonce2378\" name=\"_wpnonce2378\" value=\"4dc13cfca7\" \/><input type=\"hidden\" name=\"_wp_http_referer\" value=\"\/en\/wp-json\/wp\/v2\/pages\/2379\" \/><div class=\"evf-frontend-row\" data-row=\"row_1\" conditional_rules=\"[]\"><div class=\"evf-frontend-grid evf-grid-1\" data-grid=\"grid_1\"><div id=\"evf-2378-field_pnoCUjG5Mk-9-container\" class=\"evf-field evf-field-select form-row validate-required everest-forms-trigger-conditional\" data-required-field-message=\"This field is required.\" data-field-id=\"pnoCUjG5Mk-9\"><label class=\"evf-field-label\" for=\"evf-2378-field_pnoCUjG5Mk-9\"><span class=\"evf-label\">Qual o seu m\u00e9todo de extra\u00e7\u00e3o preferido?<\/span> <abbr class=\"required\" title=\"Required\">*<\/abbr><\/label><select id=\"evf-2378-field_pnoCUjG5Mk-9\" class=\"input-text evf-field-required\" name=\"everest_forms[form_fields][pnoCUjG5Mk-9]\" required=\"required\" conditional_id=\"pnoCUjG5Mk-9\" ><option value=\"\" class=\"placeholder\" disabled  selected='selected'>Selecione uma op\u00e7\u00e3o<\/option><option value=\"\" ><\/option><option value=\"BAL\u00c3O\" >BAL\u00c3O<\/option><option value=\"CHEMEX\" >CHEMEX<\/option><option value=\"COLD BREW\" >COLD BREW<\/option><option value=\"V60\" >V60<\/option><option value=\"AEROPRESS\" >AEROPRESS<\/option><option value=\"EXPRESSO\" >EXPRESSO<\/option><option value=\"FRENCHPRESS\" >FRENCHPRESS<\/option><\/select><\/div><div id=\"evf-2378-field_IjvmXjgFK9-10-container\" class=\"evf-field evf-field-select form-row validate-required everest-forms-trigger-conditional everest-forms-trigger-conditional\" data-required-field-message=\"This field is required.\" data-field-id=\"IjvmXjgFK9-10\"><label class=\"evf-field-label\" for=\"evf-2378-field_IjvmXjgFK9-10\"><span class=\"evf-label\">Como avalia o nosso servi\u00e7o numa escala de 0 a 10?<\/span> <abbr class=\"required\" title=\"Required\">*<\/abbr><\/label><select id=\"evf-2378-field_IjvmXjgFK9-10\" class=\"input-text evf-field-required\" name=\"everest_forms[form_fields][IjvmXjgFK9-10]\" required=\"required\" conditional_id=\"IjvmXjgFK9-10\" ><option value=\"\" class=\"placeholder\" disabled  selected='selected'>Selecione uma op\u00e7\u00e3o<\/option><option value=\"\" ><\/option><option value=\"0\" >0<\/option><option value=\"1\" >1<\/option><option value=\"2\" >2<\/option><option value=\"3\" >3<\/option><option value=\"4\" >4<\/option><option value=\"5\" >5<\/option><option value=\"6\" >6<\/option><option value=\"7\" >7<\/option><option value=\"8\" >8<\/option><option value=\"9\" >9<\/option><option value=\"10\" >10<\/option><\/select><\/div><div id=\"evf-2378-field_DFTzY4Mrie-11-container\" class=\"evf-field evf-field-checkbox form-row validate-required everest-forms-trigger-conditional everest-forms-conditional-field\" data-required-field-message=\"This field is required.\" data-field-id=\"DFTzY4Mrie-11\"><ul id=\"evf-2378-field_DFTzY4Mrie-11\" class=\" evf-field-required\"><li class=\"choice-1 depth-1\"><input type=\"checkbox\" id=\"evf-2378-field_DFTzY4Mrie-11_1\" class=\"input-text\" name=\"everest_forms[form_fields][DFTzY4Mrie-11][]\" value=\"Autorizo que os dados sejam registados para processar este contacto. Li e compreendi os  &lt;a href=&quot;https:\/\/na.network-auth.com\/splash\/qqaSjbUb.1.110\/?mac=A8%3A46%3A9D%3A1C%3AB5%3A1F&amp;real_ip=10.60.136.18&amp;client_ip=10.2.27.225&amp;client_mac=F4:4E:E3:02:92:A2&amp;vap=1&amp;a=7719a1c782a1ba91c031a682a0a2f8658209adbf&amp;b=3827763&amp;auth_version=5&amp;key=f17535c2e29be64e06e723c49f0ed3194748177d&amp;acl_ver=P9858537V2&amp;continue_url=http%3A%2F%2Fwww.msftconnecttest.com%2Fredirect&quot; class=&quot;linki&quot;&gt;termos e condi\u00e7\u00f5es &lt;\/a&gt;\" conditional_id=\"DFTzY4Mrie-11\" conditional_rules=\"{&quot;conditional_option&quot;:&quot;show&quot;,&quot;conditionals&quot;:{&quot;1&quot;:{&quot;1&quot;:{&quot;field&quot;:&quot;IjvmXjgFK9-10&quot;,&quot;operator&quot;:&quot;is&quot;,&quot;value&quot;:&quot;0&quot;}},&quot;2&quot;:{&quot;1&quot;:{&quot;field&quot;:&quot;IjvmXjgFK9-10&quot;,&quot;operator&quot;:&quot;is&quot;,&quot;value&quot;:&quot;1&quot;}},&quot;3&quot;:{&quot;1&quot;:{&quot;field&quot;:&quot;IjvmXjgFK9-10&quot;,&quot;operator&quot;:&quot;is&quot;,&quot;value&quot;:&quot;2&quot;}},&quot;4&quot;:{&quot;1&quot;:{&quot;field&quot;:&quot;IjvmXjgFK9-10&quot;,&quot;operator&quot;:&quot;is&quot;,&quot;value&quot;:&quot;3&quot;}},&quot;5&quot;:{&quot;1&quot;:{&quot;field&quot;:&quot;IjvmXjgFK9-10&quot;,&quot;operator&quot;:&quot;is&quot;,&quot;value&quot;:&quot;4&quot;}},&quot;6&quot;:{&quot;1&quot;:{&quot;field&quot;:&quot;IjvmXjgFK9-10&quot;,&quot;operator&quot;:&quot;is&quot;,&quot;value&quot;:&quot;5&quot;}},&quot;7&quot;:{&quot;1&quot;:{&quot;field&quot;:&quot;IjvmXjgFK9-10&quot;,&quot;operator&quot;:&quot;is&quot;,&quot;value&quot;:&quot;6&quot;}},&quot;8&quot;:{&quot;1&quot;:{&quot;field&quot;:&quot;IjvmXjgFK9-10&quot;,&quot;operator&quot;:&quot;is&quot;,&quot;value&quot;:&quot;7&quot;}},&quot;9&quot;:{&quot;1&quot;:{&quot;field&quot;:&quot;IjvmXjgFK9-10&quot;,&quot;operator&quot;:&quot;is&quot;,&quot;value&quot;:&quot;8&quot;}},&quot;10&quot;:{&quot;1&quot;:{&quot;field&quot;:&quot;IjvmXjgFK9-10&quot;,&quot;operator&quot;:&quot;is&quot;,&quot;value&quot;:&quot;9&quot;}},&quot;11&quot;:{&quot;1&quot;:{&quot;field&quot;:&quot;IjvmXjgFK9-10&quot;,&quot;operator&quot;:&quot;is&quot;,&quot;value&quot;:&quot;10&quot;}}},&quot;required&quot;:&quot;1&quot;}\" required ><label class=\"everest-forms-field-label-inline\" for=\"evf-2378-field_DFTzY4Mrie-11_1\">Autorizo que os dados sejam registados para processar este contacto. Li e compreendi os  <a href=\"https:\/\/na.network-auth.com\/splash\/qqaSjbUb.1.110\/?mac=A8%3A46%3A9D%3A1C%3AB5%3A1F&amp;real_ip=10.60.136.18&amp;client_ip=10.2.27.225&amp;client_mac=F4:4E:E3:02:92:A2&amp;vap=1&amp;a=7719a1c782a1ba91c031a682a0a2f8658209adbf&amp;b=3827763&amp;auth_version=5&amp;key=f17535c2e29be64e06e723c49f0ed3194748177d&amp;acl_ver=P9858537V2&amp;continue_url=http%3A%2F%2Fwww.msftconnecttest.com%2Fredirect\" class=\"linki\">termos e condi\u00e7\u00f5es <\/a><\/label><\/li><\/ul><\/div><\/div><\/div><\/div><div class=\"evf-honeypot-container evf-field-hp\"><label for=\"evf-2378-field-hp\" class=\"evf-field-label\">Comment<\/label><input type=\"text\" name=\"everest_forms[hp]\" id=\"evf-2378-field-hp\" class=\"input-text\"><\/div><div class=\"evf-submit-container \" ><input type=\"hidden\" name=\"everest_forms[id]\" value=\"2378\"><input type=\"hidden\" name=\"everest_forms[author]\" value=\"186816029\"><button type='submit' name='everest_forms[submit]' class='everest-forms-submit-button button evf-submit BOOOTT' id='evf-submit-2378' value='evf-submit' data-process-text=\"A enviar\u2026\" conditional_rules='{&quot;conditional_option&quot;:&quot;show&quot;,&quot;conditionals&quot;:{&quot;1&quot;:{&quot;1&quot;:{&quot;field&quot;:&quot;IjvmXjgFK9-10&quot;,&quot;operator&quot;:&quot;not_empty&quot;},&quot;2&quot;:{&quot;field&quot;:&quot;pnoCUjG5Mk-9&quot;,&quot;operator&quot;:&quot;not_empty&quot;},&quot;3&quot;:{&quot;field&quot;:&quot;DFTzY4Mrie-11&quot;,&quot;operator&quot;:&quot;is&quot;,&quot;value&quot;:&quot;---Select Option---&quot;}}}}' conditional_id='evf-submit-2378'  id=\"evf-submit-2378\" aria-live=\"assertive\">ENVIAR<\/button><\/div><\/form><\/div><!-- .evf-container --><\/div>\n","protected":false},"excerpt":{"rendered":"<p>Bem-vindo \u00e0 Delta The Coffee House Experience Para o melhor servirmos gostar\u00edamos de saber a sua opini\u00e3o sobre<\/p>","protected":false},"author":186816029,"featured_media":0,"parent":0,"menu_order":0,"comment_status":"closed","ping_status":"closed","template":"","meta":{"_crdt_document":"","jetpack_post_was_ever_published":false,"footnotes":""},"class_list":["post-2379","page","type-page","status-publish","hentry","entry"],"yoast_head":"<!-- This site is optimized with the Yoast SEO plugin v27.3 - https:\/\/yoast.com\/product\/yoast-seo-wordpress\/ -->\n<title>WIFI - Delta Coffee House Experience<\/title>\n<meta name=\"robots\" content=\"index, follow, max-snippet:-1, max-image-preview:large, max-video-preview:-1\" \/>\n<link rel=\"canonical\" href=\"https:\/\/deltacoffeehouse.com\/en\/wifi\/\" \/>\n<meta property=\"og:locale\" content=\"en_GB\" \/>\n<meta property=\"og:type\" content=\"article\" \/>\n<meta property=\"og:title\" content=\"WIFI - Delta Coffee House Experience\" \/>\n<meta property=\"og:description\" content=\"Bem-vindo \u00e0 Delta The Coffee House Experience Para o melhor servirmos gostar\u00edamos de saber a sua opini\u00e3o sobre\" \/>\n<meta property=\"og:url\" content=\"https:\/\/deltacoffeehouse.com\/en\/wifi\/\" \/>\n<meta property=\"og:site_name\" content=\"Delta Coffee House Experience\" \/>\n<meta property=\"article:modified_time\" content=\"2023-06-28T16:42:29+00:00\" \/>\n<meta name=\"twitter:card\" content=\"summary_large_image\" \/>\n<meta name=\"twitter:label1\" content=\"Estimated reading time\" \/>\n\t<meta name=\"twitter:data1\" content=\"1 minute\" \/>\n<script type=\"application\/ld+json\" class=\"yoast-schema-graph\">{\"@context\":\"https:\\\/\\\/schema.org\",\"@graph\":[{\"@type\":\"WebPage\",\"@id\":\"https:\\\/\\\/deltacoffeehouse.com\\\/wifi\\\/\",\"url\":\"https:\\\/\\\/deltacoffeehouse.com\\\/wifi\\\/\",\"name\":\"WIFI - Delta Coffee House Experience\",\"isPartOf\":{\"@id\":\"https:\\\/\\\/deltacoffeehouse.com\\\/#website\"},\"datePublished\":\"2023-06-28T16:42:27+00:00\",\"dateModified\":\"2023-06-28T16:42:29+00:00\",\"breadcrumb\":{\"@id\":\"https:\\\/\\\/deltacoffeehouse.com\\\/wifi\\\/#breadcrumb\"},\"inLanguage\":\"en-GB\",\"potentialAction\":[{\"@type\":\"ReadAction\",\"target\":[\"https:\\\/\\\/deltacoffeehouse.com\\\/wifi\\\/\"]}]},{\"@type\":\"BreadcrumbList\",\"@id\":\"https:\\\/\\\/deltacoffeehouse.com\\\/wifi\\\/#breadcrumb\",\"itemListElement\":[{\"@type\":\"ListItem\",\"position\":1,\"name\":\"Home\",\"item\":\"https:\\\/\\\/deltacoffeehouse.com\\\/\"},{\"@type\":\"ListItem\",\"position\":2,\"name\":\"WIFI\"}]},{\"@type\":\"WebSite\",\"@id\":\"https:\\\/\\\/deltacoffeehouse.com\\\/#website\",\"url\":\"https:\\\/\\\/deltacoffeehouse.com\\\/\",\"name\":\"Delta Coffee House Experience\",\"description\":\"Delta Coffee House Experience\",\"publisher\":{\"@id\":\"https:\\\/\\\/deltacoffeehouse.com\\\/#organization\"},\"potentialAction\":[{\"@type\":\"SearchAction\",\"target\":{\"@type\":\"EntryPoint\",\"urlTemplate\":\"https:\\\/\\\/deltacoffeehouse.com\\\/?s={search_term_string}\"},\"query-input\":{\"@type\":\"PropertyValueSpecification\",\"valueRequired\":true,\"valueName\":\"search_term_string\"}}],\"inLanguage\":\"en-GB\"},{\"@type\":\"Organization\",\"@id\":\"https:\\\/\\\/deltacoffeehouse.com\\\/#organization\",\"name\":\"Delta Coffee House Experience\",\"url\":\"https:\\\/\\\/deltacoffeehouse.com\\\/\",\"logo\":{\"@type\":\"ImageObject\",\"inLanguage\":\"en-GB\",\"@id\":\"https:\\\/\\\/deltacoffeehouse.com\\\/#\\\/schema\\\/logo\\\/image\\\/\",\"url\":\"https:\\\/\\\/deltacoffeehouse.com\\\/wp-content\\\/uploads\\\/2025\\\/01\\\/cropped-Prancheta-1-e1738256420925.png\",\"contentUrl\":\"https:\\\/\\\/deltacoffeehouse.com\\\/wp-content\\\/uploads\\\/2025\\\/01\\\/cropped-Prancheta-1-e1738256420925.png\",\"width\":66,\"height\":83,\"caption\":\"Delta Coffee House Experience\"},\"image\":{\"@id\":\"https:\\\/\\\/deltacoffeehouse.com\\\/#\\\/schema\\\/logo\\\/image\\\/\"}}]}<\/script>\n<!-- \/ Yoast SEO plugin. -->","yoast_head_json":{"title":"WIFI - Delta Coffee House Experience","robots":{"index":"index","follow":"follow","max-snippet":"max-snippet:-1","max-image-preview":"max-image-preview:large","max-video-preview":"max-video-preview:-1"},"canonical":"https:\/\/deltacoffeehouse.com\/en\/wifi\/","og_locale":"en_GB","og_type":"article","og_title":"WIFI - Delta Coffee House Experience","og_description":"Bem-vindo \u00e0 Delta The Coffee House Experience Para o melhor servirmos gostar\u00edamos de saber a sua opini\u00e3o sobre","og_url":"https:\/\/deltacoffeehouse.com\/en\/wifi\/","og_site_name":"Delta Coffee House Experience","article_modified_time":"2023-06-28T16:42:29+00:00","twitter_card":"summary_large_image","twitter_misc":{"Estimated reading time":"1 minute"},"schema":{"@context":"https:\/\/schema.org","@graph":[{"@type":"WebPage","@id":"https:\/\/deltacoffeehouse.com\/wifi\/","url":"https:\/\/deltacoffeehouse.com\/wifi\/","name":"WIFI - Delta Coffee House Experience","isPartOf":{"@id":"https:\/\/deltacoffeehouse.com\/#website"},"datePublished":"2023-06-28T16:42:27+00:00","dateModified":"2023-06-28T16:42:29+00:00","breadcrumb":{"@id":"https:\/\/deltacoffeehouse.com\/wifi\/#breadcrumb"},"inLanguage":"en-GB","potentialAction":[{"@type":"ReadAction","target":["https:\/\/deltacoffeehouse.com\/wifi\/"]}]},{"@type":"BreadcrumbList","@id":"https:\/\/deltacoffeehouse.com\/wifi\/#breadcrumb","itemListElement":[{"@type":"ListItem","position":1,"name":"Home","item":"https:\/\/deltacoffeehouse.com\/"},{"@type":"ListItem","position":2,"name":"WIFI"}]},{"@type":"WebSite","@id":"https:\/\/deltacoffeehouse.com\/#website","url":"https:\/\/deltacoffeehouse.com\/","name":"Delta Coffee House Experience","description":"Delta Coffee House Experience","publisher":{"@id":"https:\/\/deltacoffeehouse.com\/#organization"},"potentialAction":[{"@type":"SearchAction","target":{"@type":"EntryPoint","urlTemplate":"https:\/\/deltacoffeehouse.com\/?s={search_term_string}"},"query-input":{"@type":"PropertyValueSpecification","valueRequired":true,"valueName":"search_term_string"}}],"inLanguage":"en-GB"},{"@type":"Organization","@id":"https:\/\/deltacoffeehouse.com\/#organization","name":"Delta Coffee House Experience","url":"https:\/\/deltacoffeehouse.com\/","logo":{"@type":"ImageObject","inLanguage":"en-GB","@id":"https:\/\/deltacoffeehouse.com\/#\/schema\/logo\/image\/","url":"https:\/\/deltacoffeehouse.com\/wp-content\/uploads\/2025\/01\/cropped-Prancheta-1-e1738256420925.png","contentUrl":"https:\/\/deltacoffeehouse.com\/wp-content\/uploads\/2025\/01\/cropped-Prancheta-1-e1738256420925.png","width":66,"height":83,"caption":"Delta Coffee House Experience"},"image":{"@id":"https:\/\/deltacoffeehouse.com\/#\/schema\/logo\/image\/"}}]}},"jetpack_likes_enabled":true,"jetpack_sharing_enabled":true,"jetpack_shortlink":"https:\/\/wp.me\/Pepc0Y-Cn","jetpack-related-posts":[],"_links":{"self":[{"href":"https:\/\/deltacoffeehouse.com\/en\/wp-json\/wp\/v2\/pages\/2379","targetHints":{"allow":["GET"]}}],"collection":[{"href":"https:\/\/deltacoffeehouse.com\/en\/wp-json\/wp\/v2\/pages"}],"about":[{"href":"https:\/\/deltacoffeehouse.com\/en\/wp-json\/wp\/v2\/types\/page"}],"author":[{"embeddable":true,"href":"https:\/\/deltacoffeehouse.com\/en\/wp-json\/wp\/v2\/users\/186816029"}],"replies":[{"embeddable":true,"href":"https:\/\/deltacoffeehouse.com\/en\/wp-json\/wp\/v2\/comments?post=2379"}],"version-history":[{"count":3,"href":"https:\/\/deltacoffeehouse.com\/en\/wp-json\/wp\/v2\/pages\/2379\/revisions"}],"predecessor-version":[{"id":2382,"href":"https:\/\/deltacoffeehouse.com\/en\/wp-json\/wp\/v2\/pages\/2379\/revisions\/2382"}],"wp:attachment":[{"href":"https:\/\/deltacoffeehouse.com\/en\/wp-json\/wp\/v2\/media?parent=2379"}],"curies":[{"name":"wp","href":"https:\/\/api.w.org\/{rel}","templated":true}]}}